{"id":14,"date":"2014-11-22T02:39:36","date_gmt":"2014-11-22T07:39:36","guid":{"rendered":"http:\/\/108.167.142.233\/~crdd\/?page_id=14"},"modified":"2015-09-23T20:02:15","modified_gmt":"2015-09-24T01:02:15","slug":"a-propos-de-nous","status":"publish","type":"page","link":"https:\/\/fonhdad.org\/fr\/a-propos-de-nous\/","title":{"rendered":"A propos de nous"},"content":{"rendered":"<h2 style=\"text-align: justify;\">Qui sommes-nous ?<\/h2>\n<p style=\"text-align: justify;\">La Fondation Ha\u00eftienne de D\u00e9veloppement Agricole Durable (FONHDAD) est un mod\u00e8le unique dans l\u2019histoire du d\u00e9veloppement Agricole d\u2019Ha\u00efti. Elle est une association autonome, \u00e0 but non lucratif, qui regroupe le secteur universitaire, le secteur priv\u00e9 des affaires et le secteur associatif. Cette synergie d\u2019institutions impliqu\u00e9es \u00e0 un certain niveau dans le secteur agricole veut donner un \u00e9lan et\/ou un regain d\u2019espoir \u00e0 la modernisation de l\u2019Agriculture Ha\u00eftienne, cristallis\u00e9e par des pratiques traditionnelles au niveau des unit\u00e9s d\u00e9cisionnelles de production.<\/p>\n<h2 style=\"text-align: justify;\">Notre mission<\/h2>\n<p style=\"text-align: justify;\">La Fondation a pour mission la modernisation de l\u2019agriculture ha\u00eftienne par l\u2019introduction de techniques, d\u2019intrants et d\u2019\u00e9quipements am\u00e9lior\u00e9s en vue de permettre \u00e0 l\u2019agriculture ha\u00eftienne d\u2019obtenir de meilleurs rendements et de mieux commercialiser ses produits.<\/p>\n<p style=\"text-align: justify;\">Elle vise \u00e9galement \u00e0 :<\/p>\n<ul>\n<li style=\"text-align: justify;\">Divulguer les r\u00e8gles de protection de l\u2019environnement et \u00e0 \u00e9duquer les populations rurales afin qu\u2019elles g\u00e8rent leurs ressources naturelles de mani\u00e8re durable et dans le respect de la Loi;<\/li>\n<li style=\"text-align: justify;\">Encadrer les paysans ha\u00eftiens pour qu\u2019ils deviennent de v\u00e9ritables agriculteurs, pratiquant une agriculture moderne et respectueuse de l\u2019environnement;<\/li>\n<li style=\"text-align: justify;\">Promouvoir la recherche appliqu\u00e9e et le d\u00e9veloppement des laboratoires de proximit\u00e9, susceptibles d\u2019aider les acteurs concern\u00e9s dans le domaine du d\u00e9veloppement agricole, de la pr\u00e9servation de l\u2019environnement et de la bonne gestion des ressources naturelles;<\/li>\n<li style=\"text-align: justify;\">Regrouper les institutions sp\u00e9cialis\u00e9es, int\u00e9ress\u00e9es dans la formation et la recherche appliqu\u00e9e;<\/li>\n<li style=\"text-align: justify;\">Collaborer avec les institutions publiques concern\u00e9es, afin de promouvoir le programme de formation, d\u2019encadrement et de recherche dans le domaine de l\u2019agriculture et de la protection de l\u2019environnement;<\/li>\n<li style=\"text-align: justify;\">Encadrer les acteurs des fili\u00e8res de production et de transformation de produits agricoles et d\u2019autres domaines connexes;<\/li>\n<li style=\"text-align: justify;\">Mettre en place des services de documentation et d\u2019information, charg\u00e9s de conserver et de diffuser les documents \u00e9crits, audiovisuels et photographiques portant sur les travaux de vulgarisation et de recherche, dans les domaines d\u2019intervention de la FONHDAD.<\/li>\n<\/ul>\n","protected":false},"excerpt":{"rendered":"<p>Qui sommes-nous ? La Fondation Ha\u00eftienne de D\u00e9veloppement Agricole Durable (FONHDAD) est un mod\u00e8le unique dans l\u2019histoire du d\u00e9veloppement Agricole d\u2019Ha\u00efti. Elle est une association autonome, \u00e0 but non lucratif, qui regroupe le secteur universitaire, le secteur priv\u00e9 des affaires et le secteur associatif. Cette synergie d\u2019institutions impliqu\u00e9es \u00e0 un certain niveau dans le secteur&hellip;<\/p>\n","protected":false},"author":2,"featured_media":0,"parent":0,"menu_order":0,"comment_status":"closed","ping_status":"closed","template":"","meta":{"footnotes":""},"class_list":["post-14","page","type-page","status-publish","hentry","description-off"],"_links":{"self":[{"href":"https:\/\/fonhdad.org\/fr\/wp-json\/wp\/v2\/pages\/14","targetHints":{"allow":["GET"]}}],"collection":[{"href":"https:\/\/fonhdad.org\/fr\/wp-json\/wp\/v2\/pages"}],"about":[{"href":"https:\/\/fonhdad.org\/fr\/wp-json\/wp\/v2\/types\/page"}],"author":[{"embeddable":true,"href":"https:\/\/fonhdad.org\/fr\/wp-json\/wp\/v2\/users\/2"}],"replies":[{"embeddable":true,"href":"https:\/\/fonhdad.org\/fr\/wp-json\/wp\/v2\/comments?post=14"}],"version-history":[{"count":17,"href":"https:\/\/fonhdad.org\/fr\/wp-json\/wp\/v2\/pages\/14\/revisions"}],"predecessor-version":[{"id":846,"href":"https:\/\/fonhdad.org\/fr\/wp-json\/wp\/v2\/pages\/14\/revisions\/846"}],"wp:attachment":[{"href":"https:\/\/fonhdad.org\/fr\/wp-json\/wp\/v2\/media?parent=14"}],"curies":[{"name":"wp","href":"https:\/\/api.w.org\/{rel}","templated":true}]}}