{"id":166,"date":"2014-12-03T18:03:32","date_gmt":"2014-12-03T23:03:32","guid":{"rendered":"http:\/\/fonhdad.org\/?page_id=166"},"modified":"2015-09-23T21:34:41","modified_gmt":"2015-09-24T02:34:41","slug":"crdd","status":"publish","type":"page","link":"https:\/\/fonhdad.org\/fr\/crdd\/","title":{"rendered":"CRDD"},"content":{"rendered":"<div class=\"wpb-content-wrapper\"><p>[vc_row][vc_column width=\u00a0\u00bb3\/4&Prime;][vc_column_text]<\/p>\n<p align=\"justify\"><strong>Pr\u00e9sentation du Centre Rural de D\u00e9veloppement Durable<\/strong><\/p>\n<p align=\"justify\">Le Centre Rural de D\u00e9veloppement Durable de Bas Bo\u00ebn (CRDD) est un centre de \u00a0recherche, d\u00e9monstration, de formation \u00a0et de vulgarisation destin\u00e9 \u00e0 moderniser l&rsquo;agriculture ha\u00eftienne par l&rsquo;introduction de techniques am\u00e9lior\u00e9es, de meilleures vari\u00e9t\u00e9s et de meilleurs \u00e9quipements.<\/p>\n<p align=\"justify\">Situ\u00e9 \u00a0dans la localit\u00e9 de Bas Boen,\u00a0 Latremblay 17,\u00a0 Route de Malpasse Ganthier, le CRDD de Bas Boen s&rsquo;\u00e9tend sur 5.5 ha de terres appartenant au domaine du MARNDR.<\/p>\n<p align=\"justify\"><strong>Composantes du CRDD<\/strong><\/p>\n<ol>\n<li>D&rsquo;un b\u00e2timent administratif\n<ul>\n<li>constitu\u00e9 de 5 bureaux administratifs<\/li>\n<li>d&rsquo;un laboratoire de proximit\u00e9 pour les analyses de sol, d&rsquo;eau, des diagnostiques phytosanitaires ainsi que la transformation agroalimentaire;<\/li>\n<li>d&rsquo;une salle de formation \u00e0 distance<\/li>\n<li>d&rsquo;une station de contr\u00f4le d&rsquo;un syst\u00e8me d&rsquo;alerte pr\u00e9coce \u00e0 l&rsquo;inondation<\/li>\n<\/ul>\n<\/li>\n<li>R\u00e9fectoire valorisant les produits en provenance des fermes d&rsquo;agriculteurs de la r\u00e9gion<\/li>\n<li>Dortoir pouvant accommoder une trentaine de personnes en formation (agriculteurs, chercheurs, \u00e9tudiants finissant)<\/li>\n<li>Salle de formation en plein air pouvant recevoir plus de 35 personnes<\/li>\n<li>Hangar pour les \u00e9quipements et mat\u00e9riels d&rsquo;innovation (9 tracteurs, des batteuses m\u00e9caniques, des portes charges, des sarcleuses coniques, etc)<\/li>\n<li>Une ferme agricole de 3.5 ha comprenant des parcelles de d\u00e9monstration, des serres pour l&rsquo;agriculture verticale, une station m\u00e9t\u00e9orologique et des bassins piscicoles<\/li>\n<\/ol>\n<p>[\/vc_column_text][vc_empty_space height=\u00a0\u00bb20px\u00a0\u00bb][vc_toggle title=\u00a0\u00bbMission, Staff, Organe de pilotage et de controle du CRDD\u00a0\u00bb style=\u00a0\u00bbround\u00a0\u00bb color=\u00a0\u00bbgreen\u00a0\u00bb el_id=\u00a0\u00bb1443072650053-e17fdbda-51b5&Prime;]<strong>Mission du CRDD<\/strong><\/p>\n<p>La mission du CRDD se r\u00e9sume ainsi:<\/p>\n<ul>\n<li>D\u00e9monstration en milieu paysan ;<\/li>\n<li>formation et recherches appliqu\u00e9es destin\u00e9 \u00e0 moderniser l\u2019agriculture ha\u00eftienne<\/li>\n<li>Introduction de techniques, de vari\u00e9t\u00e9s am\u00e9lior\u00e9es et des \u00e9quipements d\u2019innovations<\/li>\n<\/ul>\n<p align=\"justify\"><strong>Staff du CRDD<\/strong><\/p>\n<ul>\n<li>K\u00e9nel Cadet, Directeur Ex\u00e9cutif<\/li>\n<li>Freud Lucas, Responsable de Recherches<\/li>\n<li>Katarina M. Lafortune, Directrice de Laboratoire<\/li>\n<li>Pascale L. Toyo, Responsable de Formation<\/li>\n<li>Sm\u00e9ralda Charles, Assistante Administrative<\/li>\n<li>Rosebertilde Estim\u00e9, Responsable de Production Agricole en serres<\/li>\n<li>Victorine Jacques, Comptable<\/li>\n<\/ul>\n<p align=\"justify\"><strong>Organe de pilotage et de controle du CRDD<\/strong><\/p>\n<p align=\"justify\">Un Comit\u00e9 de Pilotage et de Contr\u00f4le, ind\u00e9pendant du \u00ab <strong>Gestionnaire <\/strong>\u00bb, cr\u00e9\u00e9 par le Ministre de l&rsquo;Agriculture des Ressources Naturelles et du D\u00e9veloppement Rural assure\u00a0 le pilotage et le contr\u00f4le du travail de la fondation dans\u00a0 le cadre de la gestion du CRDD de Bas Boen.<\/p>\n<ul>\n<li>Guy Lafontant Joseph, Directeur g\u00e9n\u00e9ral du MARNDR<\/li>\n<li>Arnoux Severin, Directeur d\u00e9partementale de l&rsquo;Agriculture de l&rsquo;Ouest (DDAO)<\/li>\n<li>Max Augustin, Directeur du d\u00e9partement de l&rsquo;innovation\/MARNDR<\/li>\n<li>Repr\u00e9sentants de la collectivit\u00e9 territoriale<\/li>\n<li>Repr\u00e9sentants des associations d&rsquo;agriculteurs<\/li>\n<\/ul>\n<p>[\/vc_toggle][\/vc_column][vc_column width=\u00a0\u00bb1\/4&Prime;][vc_column_text]<\/p>\n\n\t\t\t<style type='text\/css'>\n\t\t\t\t#gallery-1 {\n\t\t\t\t\tmargin: auto;\n\t\t\t\t}\n\t\t\t\t#gallery-1 .gallery-item {\n\t\t\t\t\tfloat: left;\n\t\t\t\t\tmargin-top: 10px;\n\t\t\t\t\ttext-align: center;\n\t\t\t\t\twidth: 50%;\n\t\t\t\t}\n\t\t\t\t#gallery-1 img {\n\t\t\t\t\tborder: 2px solid #cfcfcf;\n\t\t\t\t}\n\t\t\t\t#gallery-1 .gallery-caption {\n\t\t\t\t\tmargin-left: 0;\n\t\t\t\t}\n\t\t\t\t\/* see gallery_shortcode() in wp-includes\/media.php *\/\n\t\t\t<\/style>\n\t\t<div id='gallery-1' class='dt-gallery-container gallery galleryid-166 gallery-columns-2 gallery-size-thumbnail'><dl class='gallery-item'>\n\t\t\t\t<dt class='gallery-icon landscape'>\n\t\t\t\t\t<a class=\"rollover rollover-zoom dt-pswp-item\" title=\"batiment-administratif\" data-dt-img-description=\"\" data-large_image_width=\"1024\" data-large_image_height=\"768\"href='https:\/\/fonhdad.org\/wp-content\/uploads\/2014\/12\/batiment-administratif.jpg'><img loading=\"lazy\" decoding=\"async\" width=\"150\" height=\"150\" src=\"https:\/\/fonhdad.org\/wp-content\/uploads\/2014\/12\/batiment-administratif-150x150.jpg\" class=\"attachment-thumbnail size-thumbnail\" alt=\"\" aria-describedby=\"gallery-1-1355\" srcset=\"https:\/\/fonhdad.org\/wp-content\/uploads\/2014\/12\/batiment-administratif-150x150.jpg 150w, https:\/\/fonhdad.org\/wp-content\/uploads\/2014\/12\/batiment-administratif-55x55.jpg 55w\" sizes=\"auto, (max-width: 150px) 100vw, 150px\" \/><\/a>\n\t\t\t\t<\/dt>\n\t\t\t\t\t<dd class='wp-caption-text gallery-caption' id='gallery-1-1355'>\n\t\t\t\t\tBatiment administratif \n\t\t\t\t\t<\/dd><\/dl><dl class='gallery-item'>\n\t\t\t\t<dt class='gallery-icon landscape'>\n\t\t\t\t\t<a class=\"rollover rollover-zoom dt-pswp-item\" title=\"formation\" data-dt-img-description=\"\" data-large_image_width=\"1015\" data-large_image_height=\"761\"href='https:\/\/fonhdad.org\/wp-content\/uploads\/2014\/12\/formation.jpg'><img loading=\"lazy\" decoding=\"async\" width=\"150\" height=\"150\" src=\"https:\/\/fonhdad.org\/wp-content\/uploads\/2014\/12\/formation-150x150.jpg\" class=\"attachment-thumbnail size-thumbnail\" alt=\"\" aria-describedby=\"gallery-1-1353\" srcset=\"https:\/\/fonhdad.org\/wp-content\/uploads\/2014\/12\/formation-150x150.jpg 150w, https:\/\/fonhdad.org\/wp-content\/uploads\/2014\/12\/formation-55x55.jpg 55w\" sizes=\"auto, (max-width: 150px) 100vw, 150px\" \/><\/a>\n\t\t\t\t<\/dt>\n\t\t\t\t\t<dd class='wp-caption-text gallery-caption' id='gallery-1-1353'>\n\t\t\t\t\tFormation \u00e0 distance\n\t\t\t\t\t<\/dd><\/dl><br style=\"clear: both\" \/><dl class='gallery-item'>\n\t\t\t\t<dt class='gallery-icon landscape'>\n\t\t\t\t\t<a class=\"rollover rollover-zoom dt-pswp-item\" title=\"centre-de-formation\" data-dt-img-description=\"\" data-large_image_width=\"972\" data-large_image_height=\"729\"href='https:\/\/fonhdad.org\/wp-content\/uploads\/2014\/12\/centre-de-formation.jpg'><img loading=\"lazy\" decoding=\"async\" width=\"150\" height=\"150\" src=\"https:\/\/fonhdad.org\/wp-content\/uploads\/2014\/12\/centre-de-formation-150x150.jpg\" class=\"attachment-thumbnail size-thumbnail\" alt=\"\" aria-describedby=\"gallery-1-1351\" srcset=\"https:\/\/fonhdad.org\/wp-content\/uploads\/2014\/12\/centre-de-formation-150x150.jpg 150w, https:\/\/fonhdad.org\/wp-content\/uploads\/2014\/12\/centre-de-formation-55x55.jpg 55w\" sizes=\"auto, (max-width: 150px) 100vw, 150px\" \/><\/a>\n\t\t\t\t<\/dt>\n\t\t\t\t\t<dd class='wp-caption-text gallery-caption' id='gallery-1-1351'>\n\t\t\t\t\tSalle de formation\n\t\t\t\t\t<\/dd><\/dl><dl class='gallery-item'>\n\t\t\t\t<dt class='gallery-icon landscape'>\n\t\t\t\t\t<a class=\"rollover rollover-zoom dt-pswp-item\" title=\"dortoir\" data-dt-img-description=\"\" data-large_image_width=\"1024\" data-large_image_height=\"768\"href='https:\/\/fonhdad.org\/wp-content\/uploads\/2014\/12\/dortoir.jpg'><img loading=\"lazy\" decoding=\"async\" width=\"150\" height=\"150\" src=\"https:\/\/fonhdad.org\/wp-content\/uploads\/2014\/12\/dortoir-150x150.jpg\" class=\"attachment-thumbnail size-thumbnail\" alt=\"\" aria-describedby=\"gallery-1-1352\" srcset=\"https:\/\/fonhdad.org\/wp-content\/uploads\/2014\/12\/dortoir-150x150.jpg 150w, https:\/\/fonhdad.org\/wp-content\/uploads\/2014\/12\/dortoir-55x55.jpg 55w\" sizes=\"auto, (max-width: 150px) 100vw, 150px\" \/><\/a>\n\t\t\t\t<\/dt>\n\t\t\t\t\t<dd class='wp-caption-text gallery-caption' id='gallery-1-1352'>\n\t\t\t\t\tDortoir\n\t\t\t\t\t<\/dd><\/dl><br style=\"clear: both\" \/><dl class='gallery-item'>\n\t\t\t\t<dt class='gallery-icon landscape'>\n\t\t\t\t\t<a class=\"rollover rollover-zoom dt-pswp-item\" title=\"lit-2\" data-dt-img-description=\"\" data-large_image_width=\"1024\" data-large_image_height=\"768\"href='https:\/\/fonhdad.org\/wp-content\/uploads\/2014\/12\/lit-2.jpg'><img loading=\"lazy\" decoding=\"async\" width=\"150\" height=\"150\" src=\"https:\/\/fonhdad.org\/wp-content\/uploads\/2014\/12\/lit-2-150x150.jpg\" class=\"attachment-thumbnail size-thumbnail\" alt=\"\" aria-describedby=\"gallery-1-1354\" srcset=\"https:\/\/fonhdad.org\/wp-content\/uploads\/2014\/12\/lit-2-150x150.jpg 150w, https:\/\/fonhdad.org\/wp-content\/uploads\/2014\/12\/lit-2-55x55.jpg 55w\" sizes=\"auto, (max-width: 150px) 100vw, 150px\" \/><\/a>\n\t\t\t\t<\/dt>\n\t\t\t\t\t<dd class='wp-caption-text gallery-caption' id='gallery-1-1354'>\n\t\t\t\t\tVue int\u00e9rieure d&rsquo;une chambre\n\t\t\t\t\t<\/dd><\/dl><dl class='gallery-item'>\n\t\t\t\t<dt class='gallery-icon landscape'>\n\t\t\t\t\t<a class=\"rollover rollover-zoom dt-pswp-item\" title=\"cuisine\" data-dt-img-description=\"\" data-large_image_width=\"1024\" data-large_image_height=\"768\"href='https:\/\/fonhdad.org\/wp-content\/uploads\/2014\/12\/cuisine.jpg'><img loading=\"lazy\" decoding=\"async\" width=\"150\" height=\"150\" src=\"https:\/\/fonhdad.org\/wp-content\/uploads\/2014\/12\/cuisine-150x150.jpg\" class=\"attachment-thumbnail size-thumbnail\" alt=\"\" aria-describedby=\"gallery-1-1360\" srcset=\"https:\/\/fonhdad.org\/wp-content\/uploads\/2014\/12\/cuisine-150x150.jpg 150w, https:\/\/fonhdad.org\/wp-content\/uploads\/2014\/12\/cuisine-55x55.jpg 55w\" sizes=\"auto, (max-width: 150px) 100vw, 150px\" \/><\/a>\n\t\t\t\t<\/dt>\n\t\t\t\t\t<dd class='wp-caption-text gallery-caption' id='gallery-1-1360'>\n\t\t\t\t\tCuisine\n\t\t\t\t\t<\/dd><\/dl><br style=\"clear: both\" \/><dl class='gallery-item'>\n\t\t\t\t<dt class='gallery-icon portrait'>\n\t\t\t\t\t<a class=\"rollover rollover-zoom dt-pswp-item\" title=\"cafeteria\" data-dt-img-description=\"\" data-large_image_width=\"1024\" data-large_image_height=\"1365\"href='https:\/\/fonhdad.org\/wp-content\/uploads\/2014\/12\/cafeteria.jpg'><img loading=\"lazy\" decoding=\"async\" width=\"150\" height=\"150\" src=\"https:\/\/fonhdad.org\/wp-content\/uploads\/2014\/12\/cafeteria-150x150.jpg\" class=\"attachment-thumbnail size-thumbnail\" alt=\"\" aria-describedby=\"gallery-1-1356\" srcset=\"https:\/\/fonhdad.org\/wp-content\/uploads\/2014\/12\/cafeteria-150x150.jpg 150w, https:\/\/fonhdad.org\/wp-content\/uploads\/2014\/12\/cafeteria-55x55.jpg 55w\" sizes=\"auto, (max-width: 150px) 100vw, 150px\" \/><\/a>\n\t\t\t\t<\/dt>\n\t\t\t\t\t<dd class='wp-caption-text gallery-caption' id='gallery-1-1356'>\n\t\t\t\t\tCaf\u00e9t\u00e9ria\n\t\t\t\t\t<\/dd><\/dl><dl class='gallery-item'>\n\t\t\t\t<dt class='gallery-icon landscape'>\n\t\t\t\t\t<a class=\"rollover rollover-zoom dt-pswp-item\" title=\"flotte-tracteurs\" data-dt-img-description=\"\" data-large_image_width=\"960\" data-large_image_height=\"720\"href='https:\/\/fonhdad.org\/wp-content\/uploads\/2014\/12\/flotte-tracteurs.jpg'><img loading=\"lazy\" decoding=\"async\" width=\"150\" height=\"150\" src=\"https:\/\/fonhdad.org\/wp-content\/uploads\/2014\/12\/flotte-tracteurs-150x150.jpg\" class=\"attachment-thumbnail size-thumbnail\" alt=\"\" aria-describedby=\"gallery-1-1357\" srcset=\"https:\/\/fonhdad.org\/wp-content\/uploads\/2014\/12\/flotte-tracteurs-150x150.jpg 150w, https:\/\/fonhdad.org\/wp-content\/uploads\/2014\/12\/flotte-tracteurs-55x55.jpg 55w\" sizes=\"auto, (max-width: 150px) 100vw, 150px\" \/><\/a>\n\t\t\t\t<\/dt>\n\t\t\t\t\t<dd class='wp-caption-text gallery-caption' id='gallery-1-1357'>\n\t\t\t\t\tFlotte de tracteurs\n\t\t\t\t\t<\/dd><\/dl><br style=\"clear: both\" \/><dl class='gallery-item'>\n\t\t\t\t<dt class='gallery-icon landscape'>\n\t\t\t\t\t<a class=\"rollover rollover-zoom dt-pswp-item\" title=\"ferme-d-experimentation-et-de-demonstration\" data-dt-img-description=\"\" data-large_image_width=\"1013\" data-large_image_height=\"759\"href='https:\/\/fonhdad.org\/wp-content\/uploads\/2014\/12\/ferme-d-experimentation-et-de-demonstration.jpg'><img loading=\"lazy\" decoding=\"async\" width=\"150\" height=\"150\" src=\"https:\/\/fonhdad.org\/wp-content\/uploads\/2014\/12\/ferme-d-experimentation-et-de-demonstration-150x150.jpg\" class=\"attachment-thumbnail size-thumbnail\" alt=\"\" aria-describedby=\"gallery-1-1358\" srcset=\"https:\/\/fonhdad.org\/wp-content\/uploads\/2014\/12\/ferme-d-experimentation-et-de-demonstration-150x150.jpg 150w, https:\/\/fonhdad.org\/wp-content\/uploads\/2014\/12\/ferme-d-experimentation-et-de-demonstration-55x55.jpg 55w\" sizes=\"auto, (max-width: 150px) 100vw, 150px\" \/><\/a>\n\t\t\t\t<\/dt>\n\t\t\t\t\t<dd class='wp-caption-text gallery-caption' id='gallery-1-1358'>\n\t\t\t\t\tFerme d&rsquo;exp\u00e9rimentation et de d\u00e9monstration\n\t\t\t\t\t<\/dd><\/dl><dl class='gallery-item'>\n\t\t\t\t<dt class='gallery-icon landscape'>\n\t\t\t\t\t<a class=\"rollover rollover-zoom dt-pswp-item\" title=\"serres\" data-dt-img-description=\"\" data-large_image_width=\"972\" data-large_image_height=\"729\"href='https:\/\/fonhdad.org\/wp-content\/uploads\/2014\/12\/serres.jpg'><img loading=\"lazy\" decoding=\"async\" width=\"150\" height=\"150\" src=\"https:\/\/fonhdad.org\/wp-content\/uploads\/2014\/12\/serres-150x150.jpg\" class=\"attachment-thumbnail size-thumbnail\" alt=\"\" aria-describedby=\"gallery-1-1359\" srcset=\"https:\/\/fonhdad.org\/wp-content\/uploads\/2014\/12\/serres-150x150.jpg 150w, https:\/\/fonhdad.org\/wp-content\/uploads\/2014\/12\/serres-55x55.jpg 55w\" sizes=\"auto, (max-width: 150px) 100vw, 150px\" \/><\/a>\n\t\t\t\t<\/dt>\n\t\t\t\t\t<dd class='wp-caption-text gallery-caption' id='gallery-1-1359'>\n\t\t\t\t\tAgriculture prot\u00e9g\u00e9e et verticale\n\t\t\t\t\t<\/dd><\/dl><br style=\"clear: both\" \/>\n\t\t\t<\/div>\n\n<p>[\/vc_column_text][\/vc_column][\/vc_row]<\/p>\n<\/div>","protected":false},"excerpt":{"rendered":"<p>[vc_row][vc_column width=\u00a0\u00bb3\/4&Prime;][vc_column_text] Pr\u00e9sentation du Centre Rural de D\u00e9veloppement Durable Le Centre Rural de D\u00e9veloppement Durable de Bas Bo\u00ebn (CRDD) est un centre de \u00a0recherche, d\u00e9monstration, de formation \u00a0et de vulgarisation destin\u00e9 \u00e0 moderniser l&rsquo;agriculture ha\u00eftienne par l&rsquo;introduction de techniques am\u00e9lior\u00e9es, de meilleures vari\u00e9t\u00e9s et de meilleurs \u00e9quipements. Situ\u00e9 \u00a0dans la localit\u00e9 de Bas Boen,\u00a0 Latremblay&hellip;<\/p>\n","protected":false},"author":2,"featured_media":1316,"parent":0,"menu_order":0,"comment_status":"closed","ping_status":"closed","template":"","meta":{"footnotes":""},"class_list":["post-166","page","type-page","status-publish","has-post-thumbnail","hentry","description-off"],"_links":{"self":[{"href":"https:\/\/fonhdad.org\/fr\/wp-json\/wp\/v2\/pages\/166","targetHints":{"allow":["GET"]}}],"collection":[{"href":"https:\/\/fonhdad.org\/fr\/wp-json\/wp\/v2\/pages"}],"about":[{"href":"https:\/\/fonhdad.org\/fr\/wp-json\/wp\/v2\/types\/page"}],"author":[{"embeddable":true,"href":"https:\/\/fonhdad.org\/fr\/wp-json\/wp\/v2\/users\/2"}],"replies":[{"embeddable":true,"href":"https:\/\/fonhdad.org\/fr\/wp-json\/wp\/v2\/comments?post=166"}],"version-history":[{"count":25,"href":"https:\/\/fonhdad.org\/fr\/wp-json\/wp\/v2\/pages\/166\/revisions"}],"predecessor-version":[{"id":875,"href":"https:\/\/fonhdad.org\/fr\/wp-json\/wp\/v2\/pages\/166\/revisions\/875"}],"wp:featuredmedia":[{"embeddable":true,"href":"https:\/\/fonhdad.org\/fr\/wp-json\/wp\/v2\/media\/1316"}],"wp:attachment":[{"href":"https:\/\/fonhdad.org\/fr\/wp-json\/wp\/v2\/media?parent=166"}],"curies":[{"name":"wp","href":"https:\/\/api.w.org\/{rel}","templated":true}]}}