{"id":177,"date":"2014-12-08T10:49:28","date_gmt":"2014-12-08T15:49:28","guid":{"rendered":"http:\/\/fonhdad.org\/?page_id=177"},"modified":"2015-09-23T21:21:49","modified_gmt":"2015-09-24T02:21:49","slug":"programmes","status":"publish","type":"page","link":"https:\/\/fonhdad.org\/fr\/programmes\/","title":{"rendered":"Programmes"},"content":{"rendered":"<div class=\"wpb-content-wrapper\"><p>[vc_row][vc_column][vc_toggle title=\u00a0\u00bbProgramme de formation\u00a0\u00bb style=\u00a0\u00bbround\u00a0\u00bb color=\u00a0\u00bbgreen\u00a0\u00bb open=\u00a0\u00bbtrue\u00a0\u00bb el_id=\u00a0\u00bb1443070948006-250ed666-0e05&Prime;]<\/p>\n<p style=\"text-align: justify;\">Notre programme de formation vise \u00e0 renforcer la technicit\u00e9 des agriculteurs et des cadres du secteur agricole. C\u2019est un processus au cours duquel il y a un partage de savoir et de nouvelles connaissances. Il est partag\u00e9 entre une formation de paysans vulgarisateurs et\/ou les associations de producteurs et une formation de cadres du secteur.<\/p>\n<p style=\"text-align: justify;\">Nos agriculteurs b\u00e9n\u00e9ficient \u00e9galement d\u2019un encadrement technique de proximit\u00e9 r\u00e9alis\u00e9 par des jeunes agronomes, des stagiaires et des paysans vulgarisateurs. Notre syst\u00e8me de vulgarisation est riche et est constitu\u00e9 par la mise en place des parcelles de d\u00e9monstration, par l\u2019envoi de messages techniques de masse par l\u2019interm\u00e9diaire des SMS, par la projection de films sur les techniques modernes de production et par l\u2019utilisation de mat\u00e9riels audio-visuels (posters, video, fiche technique, etc.).<\/p>\n<p>[\/vc_toggle][vc_toggle title=\u00a0\u00bbProgramme \u00ab Jaden lek\u00f2l \u00bb\u00a0\u00bb style=\u00a0\u00bbround\u00a0\u00bb color=\u00a0\u00bbgreen\u00a0\u00bb el_id=\u00a0\u00bb1443071089132-3d8d05d6-16e3&Prime;]<\/p>\n<p style=\"text-align: justify;\">Le programme \u00ab <em>Jaden lek\u00f2l<\/em>\u00a0 \u00bb est une initiative de la Fondation Ha\u00eftienne de D\u00e9veloppement Agricole durable (FONHDAD) qui assure la gestion du Centre\u00a0\u00a0 Rural de D\u00e9veloppement Agricole Durable (CRDD) de Bas Boen. L\u2019objectif de ce programme est de\u00a0:<\/p>\n<ul>\n<li>Orienter et de sensibiliser les \u00e9l\u00e8ves des classes secondaires les sciences agronomiques et environnementales<\/li>\n<li>Connecter les jeunes de la zone m\u00e9tropolitaine avec le monde rural<\/li>\n<li>Aider les \u00e9l\u00e8ves \u00e0 saisir le fonctionnement de notre agriculture<\/li>\n<li>Eduquer les \u00e9l\u00e8ves sur les pratiques d\u2019une agriculture durable<\/li>\n<li>Cr\u00e9er un march\u00e9 d\u2019\u00e9coulement de produits frais<\/li>\n<li>Eduquer les \u00e9l\u00e8ves sur l\u2019importance de l\u2019\u00e9cologie et le d\u00e9veloppement agricole durable<\/li>\n<\/ul>\n<p>[\/vc_toggle][vc_toggle title=\u00a0\u00bbRenforcement organisationnel et Appui \u00e0 la communaut\u00e9\u00a0\u00bb style=\u00a0\u00bbround\u00a0\u00bb color=\u00a0\u00bbgreen\u00a0\u00bb el_id=\u00a0\u00bb1443071181229-03153a02-79b5&Prime;]<\/p>\n<p style=\"text-align: justify;\">Nous travaillons avec 124 associations de producteurs regroupant 38,000 producteurs dont 7 sont porteuses de boutiques d\u2019intrants agricoles, 4 sont propri\u00e9taires de tracteurs et une coop\u00e9rative pour la commercialisation des produits agricoles. Les BIA sont les points de distribution des semences am\u00e9lior\u00e9es et d\u2019autres intrants de qualit\u00e9 pour les communaut\u00e9s rurales de la Plaine du Cul-de-Sac. Des s\u00e9ances de formation sur la gestion administrative et financi\u00e8re ont \u00e9t\u00e9 d\u00e9j\u00e0 dispens\u00e9es \u00e0 ces associations pour qu\u2019elles puissent fonctionner comme de v\u00e9ritables entreprises agricoles.<\/p>\n<p>[\/vc_toggle][vc_toggle title=\u00a0\u00bbRecherche et vulgarisation\u00a0\u00bb style=\u00a0\u00bbround\u00a0\u00bb color=\u00a0\u00bbgreen\u00a0\u00bb el_id=\u00a0\u00bb1443071220867-aacee5d7-bb5f\u00a0\u00bb]<\/p>\n<p style=\"text-align: justify;\">L\u2019objectif de notre programme de recherche et de d\u00e9monstration consiste \u00e0 d\u00e9velopper des paquets techniques adapt\u00e9s aux conditions locales de production, et notamment aux objectifs et contraintes des producteurs, permettant l\u2019augmentation de la productivit\u00e9 (sol, travail et intrants) et de la rentabilit\u00e9 de la culture. Ainsi, ce programme vise \u00e0 :<\/p>\n<ul>\n<li>D\u00e9montrer les itin\u00e9raires techniques am\u00e9lior\u00e9s<\/li>\n<li>Introduire de nouvelles vari\u00e9t\u00e9s am\u00e9lior\u00e9es<\/li>\n<li>Introduire de nouvelles races animales<\/li>\n<li>Introduire de nouveaux \u00e9quipements et de technologies nouvelles<\/li>\n<li>Former les producteurs sur les nouvelles techniques et partage de savoir faire<\/li>\n<li>Etudier certains ph\u00e9nom\u00e8nes \u00e0 environnementaux comme le changement climatique, la d\u00e9gradation des bassins versants<\/li>\n<li>Etudier les conditions socio-\u00e9conomiques des exploitations des agricoles de la zone d\u2019intervention<\/li>\n<li>Etudier l\u2019environnement de production des agriculteurs en vue de proposer des solutions appropri\u00e9es suivant une approche participative<\/li>\n<\/ul>\n<h4>Innovation<\/h4>\n<p style=\"text-align: justify;\">L\u2019innovation est c\u0153ur de la mission du CRDD de Bas Boen. Elle est pr\u00e9sente dans toutes les \u00e9tapes cl\u00e9 des fili\u00e8res de production. Elle touche les analyses de sol, de nouvelles techniques de production, de nouvelles races animales, de nouvelles vari\u00e9t\u00e9s de production, de nouvelles fa\u00e7ons de pr\u00e9senter et commercialiser les produits agricoles, de nouvelles pratiques et de nouvelles formes de raisonnement.<\/p>\n<p><strong>Innovations introduites<\/strong><\/p>\n<ul>\n<li>Introduction des mod\u00e8les de batteuses pour le riz, le mais et le sorgho<\/li>\n<li>Irrigation goutte \u00e0 goutte en serre et en plein champs adopt\u00e9 aux petites et aux moyennes exploitations agricoles<\/li>\n<li>Introduction des mod\u00e8les de batteuses pour le riz, le mais et le sorgho<\/li>\n<\/ul>\n<p><strong>Zones cibl\u00e9es<\/strong><\/p>\n<ul>\n<li>Corridor Cul-de-Sac<\/li>\n<li>Corridor des Matheux<\/li>\n<\/ul>\n<p>[\/vc_toggle][vc_toggle title=\u00a0\u00bbRenforcement de la production agricole\/Campagne agricole\u00a0\u00bb style=\u00a0\u00bbround\u00a0\u00bb color=\u00a0\u00bbgreen\u00a0\u00bb el_id=\u00a0\u00bb1443071265096-9f4aef91-c220&Prime;][\/vc_toggle][vc_toggle title=\u00a0\u00bbRenforcement de la capacit\u00e9 des femmes rurales\u00a0\u00bb style=\u00a0\u00bbround\u00a0\u00bb color=\u00a0\u00bbgreen\u00a0\u00bb el_id=\u00a0\u00bb1443071380567-9fc5b793-3f1e\u00a0\u00bb]<\/p>\n<p style=\"text-align: justify;\">La FONHDAD encourage la participation des femmes dans la mise en \u0153uvre de ses activit\u00e9s. Effet, 30% des paysans vulgarisateurs certifies sont des femmes. Des modules de formations sp\u00e9cialis\u00e9es ainsi que des incitations socio\u00e9conomiques sont d\u00e9velopp\u00e9s au profit des femmes pour favoriser leur int\u00e9gration dans l\u2019\u00e9conomie rurale.<\/p>\n<p>[\/vc_toggle][vc_toggle title=\u00a0\u00bbRenforcement de la fili\u00e8re semenci\u00e8re\u00a0\u00bb style=\u00a0\u00bbround\u00a0\u00bb color=\u00a0\u00bbgreen\u00a0\u00bb el_id=\u00a0\u00bb1443071424643-e7cf35c9-5224&Prime;][\/vc_toggle][\/vc_column][\/vc_row]<\/p>\n<\/div>","protected":false},"excerpt":{"rendered":"<p>[vc_row][vc_column][vc_toggle title=\u00a0\u00bbProgramme de formation\u00a0\u00bb style=\u00a0\u00bbround\u00a0\u00bb color=\u00a0\u00bbgreen\u00a0\u00bb open=\u00a0\u00bbtrue\u00a0\u00bb el_id=\u00a0\u00bb1443070948006-250ed666-0e05&Prime;] Notre programme de formation vise \u00e0 renforcer la technicit\u00e9 des agriculteurs et des cadres du secteur agricole. C\u2019est un processus au cours duquel il y a un partage de savoir et de nouvelles connaissances. Il est partag\u00e9 entre une formation de paysans vulgarisateurs et\/ou les associations de&hellip;<\/p>\n","protected":false},"author":2,"featured_media":0,"parent":0,"menu_order":0,"comment_status":"closed","ping_status":"closed","template":"","meta":{"footnotes":""},"class_list":["post-177","page","type-page","status-publish","hentry","description-off"],"_links":{"self":[{"href":"https:\/\/fonhdad.org\/fr\/wp-json\/wp\/v2\/pages\/177","targetHints":{"allow":["GET"]}}],"collection":[{"href":"https:\/\/fonhdad.org\/fr\/wp-json\/wp\/v2\/pages"}],"about":[{"href":"https:\/\/fonhdad.org\/fr\/wp-json\/wp\/v2\/types\/page"}],"author":[{"embeddable":true,"href":"https:\/\/fonhdad.org\/fr\/wp-json\/wp\/v2\/users\/2"}],"replies":[{"embeddable":true,"href":"https:\/\/fonhdad.org\/fr\/wp-json\/wp\/v2\/comments?post=177"}],"version-history":[{"count":10,"href":"https:\/\/fonhdad.org\/fr\/wp-json\/wp\/v2\/pages\/177\/revisions"}],"predecessor-version":[{"id":871,"href":"https:\/\/fonhdad.org\/fr\/wp-json\/wp\/v2\/pages\/177\/revisions\/871"}],"wp:attachment":[{"href":"https:\/\/fonhdad.org\/fr\/wp-json\/wp\/v2\/media?parent=177"}],"curies":[{"name":"wp","href":"https:\/\/api.w.org\/{rel}","templated":true}]}}