{"id":19,"date":"2014-11-22T02:43:06","date_gmt":"2014-11-22T07:43:06","guid":{"rendered":"http:\/\/108.167.142.233\/~crdd\/?page_id=19"},"modified":"2015-09-17T18:29:20","modified_gmt":"2015-09-17T23:29:20","slug":"comite-de-direction","status":"publish","type":"page","link":"https:\/\/fonhdad.org\/fr\/a-propos-de-nous\/comite-de-direction\/","title":{"rendered":"Comit\u00e9 de Direction"},"content":{"rendered":"<div class=\"wpb-content-wrapper\"><p>[vc_row margin_bottom=\u00a0\u00bb30&Prime;][vc_column width=\u00a0\u00bb1\/4&Prime; css=\u00a0\u00bb.vc_custom_1442531899889{padding-top: 45px !important;}\u00a0\u00bb][vc_single_image image=\u00a0\u00bb119&Prime; img_size=\u00a0\u00bb150&#215;150&Prime; alignment=\u00a0\u00bbcenter\u00a0\u00bb style=\u00a0\u00bbvc_box_rounded\u00a0\u00bb][\/vc_column][vc_column width=\u00a0\u00bb3\/4&Prime;][vc_column_text]<\/p>\n<p style=\"text-align: justify;\"><strong>Christelle C. Paul, Pr\u00e9sidente<\/strong><\/p>\n<p style=\"text-align: justify;\">Engag\u00e9e dans le monde des affaires depuis plus de 14 ans, Christelle C. Paul assure la pr\u00e9sidence de la FONHDAD. Elle a obtenu un dipl\u00f4me de licence en Science Commerciales et Consulaire. Elle a travaill\u00e9 dans le secteur bancaire et le secteur des affaires en tant que gestionnaire de projet. Elle dirige actuellement l\u2019administration de la Soci\u00e9t\u00e9 Nationale Agricole S.A. au cot\u00e9 de son \u00e9poux Antoine Jean-Claude Paul, le PDG de l\u2019entreprise.<\/p>\n<p>[\/vc_column_text][\/vc_column][\/vc_row][vc_row margin_bottom=\u00a0\u00bb30&Prime;][vc_column width=\u00a0\u00bb1\/4&Prime; css=\u00a0\u00bb.vc_custom_1442531899889{padding-top: 45px !important;}\u00a0\u00bb][vc_single_image image=\u00a0\u00bb119&Prime; img_size=\u00a0\u00bb150&#215;150&Prime; alignment=\u00a0\u00bbcenter\u00a0\u00bb style=\u00a0\u00bbvc_box_rounded\u00a0\u00bb][\/vc_column][vc_column width=\u00a0\u00bb3\/4&Prime;][vc_column_text]<\/p>\n<p style=\"text-align: justify;\"><strong>Dr Ga\u00ebl Pressoir, Vice-Pr\u00e9sident<\/strong><\/p>\n<p style=\"text-align: justify;\">Ga\u00ebl Pressoir est g\u00e9n\u00e9ticien et s\u00e9lectionneur ; il a obtenu sont Doctorat en sciences agronomique \u00e0 l\u2019Ecole National Sup\u00e9rieur d\u2019Agronomie de Montpellier (aujourd\u2019hui Montpellier SupAgro) en 2003. Il dirige les programmes sorgho sucr\u00e9 et Jatropha comestible au CHIBAS depuis 2008. Il a \u00e9galement travaill\u00e9 sur la g\u00e9n\u00e9tique du ma\u00efs pendant pr\u00e8s de 10 ans ; d\u2019abord au centre international pour l\u2019am\u00e9lioration du ma\u00efs et du bl\u00e9, CIMMYT, au Mexique, puis \u00e0 l\u2019Universit\u00e9 de Cornell aux USA.<\/p>\n<p style=\"text-align: justify;\">Ga\u00ebl Pressoir est \u00e9galement le Vice Doyen \u00e0 la recherche de la Facult\u00e9 des Sciences de l\u2019Agriculture et de l\u2019Environnement de l\u2019Universit\u00e9 Quisqueya.<\/p>\n<p>[\/vc_column_text][\/vc_column][\/vc_row][vc_row margin_bottom=\u00a0\u00bb30&Prime;][vc_column width=\u00a0\u00bb1\/4&Prime; css=\u00a0\u00bb.vc_custom_1442531899889{padding-top: 45px !important;}\u00a0\u00bb][vc_single_image image=\u00a0\u00bb119&Prime; img_size=\u00a0\u00bb150&#215;150&Prime; alignment=\u00a0\u00bbcenter\u00a0\u00bb style=\u00a0\u00bbvc_box_rounded\u00a0\u00bb][\/vc_column][vc_column width=\u00a0\u00bb3\/4&Prime;][vc_column_text]<\/p>\n<p style=\"text-align: justify;\"><strong>Ophny N. Carvil, MSc, Secr\u00e9taire<\/strong><\/p>\n<p style=\"text-align: justify;\">Ophny Nicolas CARVIL, Ing\u00e9nieur Agronome de formation (Universit\u00e9 d\u2019Etat d\u2019Ha\u00efti) d\u00e9tient un DEA en Phytopathologie de l\u2019Institut National Agronomique de Paris (INA-PG, France) et une maitrise de l\u2019Universit\u00e9 du Missouri (University of M issouri, USA) o\u00f9 il a travaill\u00e9 comme Research Associate pendant un an de D\u00e9cembre 1994 \u00e0 Novembre 1995. Depuis novembre 2004 il occupe la position de Vice-Doyen \u00e0 la Recherche \u00e0 la Facult\u00e9 d\u2019Agronomie et de M\u00e9decine V\u00e9t\u00e9rinaire de l\u2019Universit\u00e9 d\u2019Etat d\u2019Ha\u00efti (FAMV\/UEH) o\u00f9 il enseigne la Pathologie V\u00e9g\u00e9tale. En plus, il est le Responsable du Laboratoire de Recherche et de Diagnostic en Pathologie V\u00e9g\u00e9tale et le R\u00e9dacteur en Chef de la revue scientifique de la FAMV (RED).<\/p>\n<p style=\"text-align: justify;\">Monsieur Carvil est le Secr\u00e9taire du Conseil d\u2019Administration de la FONHDAD.<\/p>\n<p>[\/vc_column_text][\/vc_column][\/vc_row][vc_row margin_bottom=\u00a0\u00bb30&Prime;][vc_column width=\u00a0\u00bb1\/4&Prime; css=\u00a0\u00bb.vc_custom_1442532221901{padding-top: 30px !important;}\u00a0\u00bb][vc_single_image image=\u00a0\u00bb491&Prime; alignment=\u00a0\u00bbcenter\u00a0\u00bb style=\u00a0\u00bbvc_box_rounded\u00a0\u00bb][\/vc_column][vc_column width=\u00a0\u00bb3\/4&Prime;][vc_column_text]<\/p>\n<p style=\"text-align: justify;\"><strong>Isblet J\u00e9r\u00f4me, Tr\u00e9sorier<\/strong><\/p>\n<p style=\"text-align: justify;\">Ancien Maire de Ganthier et tr\u00e8s impliqu\u00e9 dans le d\u00e9veloppement de sa commune, J\u00e9r\u00f4me Isblet repr\u00e9sente la coop\u00e9rative des Paysans Champions de la Plaine du Cul-de-Sac (COPACPLA) au sein de la fondation o\u00f9 il fait office de tr\u00e9sorier. Il est aussi pr\u00e9sident de l\u2019association des Jeunes en Action pour le D\u00e9veloppement de Ganthier (JADEG)<\/p>\n<p>[\/vc_column_text][\/vc_column][\/vc_row][vc_row margin_bottom=\u00a0\u00bb30&Prime;][vc_column width=\u00a0\u00bb1\/4&Prime; css=\u00a0\u00bb.vc_custom_1442531899889{padding-top: 45px !important;}\u00a0\u00bb][vc_single_image image=\u00a0\u00bb492&Prime; alignment=\u00a0\u00bbcenter\u00a0\u00bb style=\u00a0\u00bbvc_box_rounded\u00a0\u00bb][\/vc_column][vc_column width=\u00a0\u00bb3\/4&Prime;][vc_column_text]<\/p>\n<p style=\"text-align: justify;\"><strong>Bris Jean Berno, Conseiller<\/strong><\/p>\n<p style=\"text-align: justify;\">Agriculteur, pr\u00e9sident de l\u2019association OPDMO (sign\u00e9 \u00e0 d\u00e9finir) et secr\u00e9taire g\u00e9n\u00e9rale de la FEDEPAT, organisation qu\u2019il repr\u00e9sente au sein de la FONHDAD, Bris est un grand visionnaire au niveau de la communaut\u00e9 de Merceron situ\u00e9e dans la commune de Thomazeau. Il s\u2019implique \u00e0 fond dans le d\u00e9veloppement du monde rural ha\u00eftien. C\u2019est un homme dot\u00e9 d\u2019esprit cr\u00e9atif, un vrai leader engag\u00e9 dans l\u2019am\u00e9lioration des conditions de vie de sa communaut\u00e9. Il est le conseiller de la FONHDAD.<\/p>\n<p>[\/vc_column_text][\/vc_column][\/vc_row]<\/p>\n<\/div>","protected":false},"excerpt":{"rendered":"<p>[vc_row margin_bottom=\u00a0\u00bb30&Prime;][vc_column width=\u00a0\u00bb1\/4&Prime; css=\u00a0\u00bb.vc_custom_1442531899889{padding-top: 45px !important;}\u00a0\u00bb][vc_single_image image=\u00a0\u00bb119&Prime; img_size=\u00a0\u00bb150&#215;150&Prime; alignment=\u00a0\u00bbcenter\u00a0\u00bb style=\u00a0\u00bbvc_box_rounded\u00a0\u00bb][\/vc_column][vc_column width=\u00a0\u00bb3\/4&Prime;][vc_column_text] Christelle C. Paul, Pr\u00e9sidente Engag\u00e9e dans le monde des affaires depuis plus de 14 ans, Christelle C. Paul assure la pr\u00e9sidence de la FONHDAD. Elle a obtenu un dipl\u00f4me de licence en Science Commerciales et Consulaire. Elle a travaill\u00e9 dans le secteur bancaire et&hellip;<\/p>\n","protected":false},"author":2,"featured_media":0,"parent":14,"menu_order":0,"comment_status":"closed","ping_status":"closed","template":"","meta":{"footnotes":""},"class_list":["post-19","page","type-page","status-publish","hentry","description-off"],"_links":{"self":[{"href":"https:\/\/fonhdad.org\/fr\/wp-json\/wp\/v2\/pages\/19","targetHints":{"allow":["GET"]}}],"collection":[{"href":"https:\/\/fonhdad.org\/fr\/wp-json\/wp\/v2\/pages"}],"about":[{"href":"https:\/\/fonhdad.org\/fr\/wp-json\/wp\/v2\/types\/page"}],"author":[{"embeddable":true,"href":"https:\/\/fonhdad.org\/fr\/wp-json\/wp\/v2\/users\/2"}],"replies":[{"embeddable":true,"href":"https:\/\/fonhdad.org\/fr\/wp-json\/wp\/v2\/comments?post=19"}],"version-history":[{"count":15,"href":"https:\/\/fonhdad.org\/fr\/wp-json\/wp\/v2\/pages\/19\/revisions"}],"predecessor-version":[{"id":844,"href":"https:\/\/fonhdad.org\/fr\/wp-json\/wp\/v2\/pages\/19\/revisions\/844"}],"up":[{"embeddable":true,"href":"https:\/\/fonhdad.org\/fr\/wp-json\/wp\/v2\/pages\/14"}],"wp:attachment":[{"href":"https:\/\/fonhdad.org\/fr\/wp-json\/wp\/v2\/media?parent=19"}],"curies":[{"name":"wp","href":"https:\/\/api.w.org\/{rel}","templated":true}]}}