{"id":221,"date":"2014-12-08T15:05:33","date_gmt":"2014-12-08T20:05:33","guid":{"rendered":"http:\/\/fonhdad.org\/?page_id=221"},"modified":"2015-09-23T20:22:50","modified_gmt":"2015-09-24T01:22:50","slug":"histoire-de-la-fonhdad","status":"publish","type":"page","link":"https:\/\/fonhdad.org\/fr\/histoire-de-la-fonhdad\/","title":{"rendered":"Histoire FONHDAD"},"content":{"rendered":"<p align=\"justify\"><strong>Fondation Ha\u00eftienne de D\u00e9veloppement Agricole Durable (FONHDAD)<\/strong><\/p>\n<p align=\"justify\">La Fondation Ha\u00eftienne de D\u00e9veloppement Agricole Durable (FONHDAD) est une\u00a0 institution sans but lucratif, jouissant de l\u2019autonomie administrative et financi\u00e8re. Ses membres fondateurs sont constitu\u00e9s\u00a0 par le secteur universitaire, associatif et priv\u00e9 d\u2019Ha\u00efti. Son objectif est de contribuer \u00e0 la modernisation de l\u2019agriculture ha\u00eftienne par l\u2019introduction de nouvelles techniques, d\u2019intrants et d\u2019\u00e9quipements am\u00e9lior\u00e9s en vue de permettre au secteur agricole d\u2019obtenir de meilleurs rendements et de mieux commercialiser ses produits<strong>. <\/strong>Elle a sign\u00e9 un contrat avec le Minist\u00e8re de l\u2019Agriculture (MARNDR) pour assurer la gestion du CRDD.<\/p>\n<p align=\"justify\"><strong>Membres fondateurs de la FONHDAD<\/strong><\/p>\n<p align=\"justify\">Les membres Fondateurs de la FONHDAD sont ceux qui ont sign\u00e9s\u00a0 les statuts de la Fondation. Ce sont principalement:<\/p>\n<ul>\n<li>La Facult\u00e9 d\u2019Agronomie et de M\u00e9decine V\u00e9t\u00e9rinaire \u00a0(FAMV) de l\u2019Universit\u00e9 d\u2019Etat d\u2019Ha\u00efti (UEH)\u00a0;<\/li>\n<li>La Facult\u00e9 des Sciences Agronomiques de l\u2019Universit\u00e9 Episcopale d\u2019Ha\u00efti;<\/li>\n<li>La Facult\u00e9 des Sciences de l\u2019Agriculture et de l\u2019Environnement de l\u2019Universit\u00e9 Quisqueya\u00a0;<\/li>\n<li>La Soci\u00e9t\u00e9 Agricole Nationale S. A (La SANSA)<\/li>\n<li>La Soci\u00e9t\u00e9 de Transformation de Produits Agroalimentaires(SOTRAPAL);<\/li>\n<li>La Coop\u00e9rative des Paysans Chanpyon de la Plaine du Cul de Sac (COPACPLA);<\/li>\n<li>La F\u00e9d\u00e9ration pour le D\u00e9veloppement de la Production Agricole de Thomazeau (FEDEPAT);<\/li>\n<li>L\u2019Association des Irrigants de la Rivi\u00e8re Grise. (AIRG).<\/li>\n<\/ul>\n","protected":false},"excerpt":{"rendered":"<p>Fondation Ha\u00eftienne de D\u00e9veloppement Agricole Durable (FONHDAD) La Fondation Ha\u00eftienne de D\u00e9veloppement Agricole Durable (FONHDAD) est une\u00a0 institution sans but lucratif, jouissant de l\u2019autonomie administrative et financi\u00e8re. Ses membres fondateurs sont constitu\u00e9s\u00a0 par le secteur universitaire, associatif et priv\u00e9 d\u2019Ha\u00efti. Son objectif est de contribuer \u00e0 la modernisation de l\u2019agriculture ha\u00eftienne par l\u2019introduction de nouvelles&hellip;<\/p>\n","protected":false},"author":2,"featured_media":0,"parent":0,"menu_order":0,"comment_status":"closed","ping_status":"closed","template":"","meta":{"footnotes":""},"class_list":["post-221","page","type-page","status-publish","hentry","description-off"],"_links":{"self":[{"href":"https:\/\/fonhdad.org\/fr\/wp-json\/wp\/v2\/pages\/221","targetHints":{"allow":["GET"]}}],"collection":[{"href":"https:\/\/fonhdad.org\/fr\/wp-json\/wp\/v2\/pages"}],"about":[{"href":"https:\/\/fonhdad.org\/fr\/wp-json\/wp\/v2\/types\/page"}],"author":[{"embeddable":true,"href":"https:\/\/fonhdad.org\/fr\/wp-json\/wp\/v2\/users\/2"}],"replies":[{"embeddable":true,"href":"https:\/\/fonhdad.org\/fr\/wp-json\/wp\/v2\/comments?post=221"}],"version-history":[{"count":8,"href":"https:\/\/fonhdad.org\/fr\/wp-json\/wp\/v2\/pages\/221\/revisions"}],"predecessor-version":[{"id":857,"href":"https:\/\/fonhdad.org\/fr\/wp-json\/wp\/v2\/pages\/221\/revisions\/857"}],"wp:attachment":[{"href":"https:\/\/fonhdad.org\/fr\/wp-json\/wp\/v2\/media?parent=221"}],"curies":[{"name":"wp","href":"https:\/\/api.w.org\/{rel}","templated":true}]}}