{"id":544,"date":"2015-02-19T11:21:23","date_gmt":"2015-02-19T16:21:23","guid":{"rendered":"http:\/\/fonhdad.org\/?page_id=544"},"modified":"2015-09-17T17:24:52","modified_gmt":"2015-09-17T22:24:52","slug":"histoire-du-crdd-de-bas-boen","status":"publish","type":"page","link":"https:\/\/fonhdad.org\/fr\/histoire-du-crdd-de-bas-boen\/","title":{"rendered":"Histoire du CRDD de Bas Bo\u00ebn"},"content":{"rendered":"<p style=\"text-align: justify;\">Le Centre Rural de D\u00e9veloppement Durable (CRDD) de Bas Bo\u00ebn a \u00e9t\u00e9 inaugur\u00e9 le premier au cours de l\u2019ann\u00e9e 2011, c\u2019est un centre de recherche, d\u00e9monstration, de formation et de vulgarisation destin\u00e9 \u00e0 moderniser l\u2019agriculture ha\u00eftienne par l\u2019introduction de techniques am\u00e9lior\u00e9es, de meilleures vari\u00e9t\u00e9s et de meilleurs \u00e9quipements.<\/p>\n<p style=\"text-align: justify;\">Situ\u00e9 dans la localit\u00e9 de Bas Boen, Latremblay 17, Route de Malpasse Ganthier, le CRDD de Bas Boen s\u2019\u00e9tend sur 5.5 ha de terres appartenant au domaine du MARNDR.<\/p>\n<h3>Mission, Staff, Organe de pilotage et de contr\u00f4le du CRDD<\/h3>\n<p><strong>Mission du CRDD<\/strong><\/p>\n<p>La mission du CRDD se r\u00e9sume ainsi:<\/p>\n<ul>\n<li>D\u00e9monstration en milieu paysan ;<\/li>\n<li>formation et recherches appliqu\u00e9es destin\u00e9 \u00e0 moderniser l\u2019agriculture ha\u00eftienne<\/li>\n<li>Introduction de techniques, de vari\u00e9t\u00e9s am\u00e9lior\u00e9es et des \u00e9quipements d\u2019innovations<\/li>\n<\/ul>\n<p align=\"justify\"><strong>Staff du CRDD<\/strong><\/p>\n<ul>\n<li>K\u00e9nel Cadet, Directeur Ex\u00e9cutif<\/li>\n<li>Freud Lucas, Responsable de Recherches<\/li>\n<li>Katarina M. Lafortune, Directrice de Laboratoire<\/li>\n<li>Pascale L. Toyo, Responsable de Formation<\/li>\n<li>Sm\u00e9ralda Charles, Assistante Administrative<\/li>\n<li>Rosebertilde Estim\u00e9, Responsable de Production Agricole en serres<\/li>\n<li>Victorine Jacques, Comptable<\/li>\n<\/ul>\n<p align=\"justify\"><strong>Organe de pilotage et de controle du CRDD<\/strong><\/p>\n<p align=\"justify\">Un Comit\u00e9 de Pilotage et de Contr\u00f4le, ind\u00e9pendant du \u00ab Gestionnaire \u00bb, cr\u00e9\u00e9 par le Ministre de l&rsquo;Agriculture des Ressources Naturelles et du D\u00e9veloppement Rural assure le pilotage et le contr\u00f4le du travail de la fondation dans le cadre de la gestion du CRDD de Bas Boen.<\/p>\n<ul>\n<li>Guy Lafontant Joseph, Directeur g\u00e9n\u00e9ral du <a title=\"Minist\u00e8re de l' Agriculture des Ressources Naturelles et du D\u00e9v\u00e9loppement Rural\" href=\"http:\/\/agriculture.gouv.ht\/\" target=\"_blank\">MARNDR<\/a><\/li>\n<li>Arnoux Severin, Directeur d\u00e9partemental de l&rsquo;Agriculture de l&rsquo;Ouest (DDAO)<\/li>\n<li>Max Augustin, Directeur du d\u00e9partement de l&rsquo;innovation\/MARNDR<\/li>\n<li>Repr\u00e9sentants de la collectivit\u00e9 territoriale<\/li>\n<li>Repr\u00e9sentants des associations d&rsquo;agriculteurs<\/li>\n<\/ul>\n","protected":false},"excerpt":{"rendered":"<p>Le Centre Rural de D\u00e9veloppement Durable (CRDD) de Bas Bo\u00ebn a \u00e9t\u00e9 inaugur\u00e9 le premier au cours de l\u2019ann\u00e9e 2011, c\u2019est un centre de recherche, d\u00e9monstration, de formation et de vulgarisation destin\u00e9 \u00e0 moderniser l\u2019agriculture ha\u00eftienne par l\u2019introduction de techniques am\u00e9lior\u00e9es, de meilleures vari\u00e9t\u00e9s et de meilleurs \u00e9quipements. Situ\u00e9 dans la localit\u00e9 de Bas Boen,&hellip;<\/p>\n","protected":false},"author":2,"featured_media":0,"parent":0,"menu_order":0,"comment_status":"closed","ping_status":"closed","template":"","meta":{"footnotes":""},"class_list":["post-544","page","type-page","status-publish","hentry","description-off"],"_links":{"self":[{"href":"https:\/\/fonhdad.org\/fr\/wp-json\/wp\/v2\/pages\/544","targetHints":{"allow":["GET"]}}],"collection":[{"href":"https:\/\/fonhdad.org\/fr\/wp-json\/wp\/v2\/pages"}],"about":[{"href":"https:\/\/fonhdad.org\/fr\/wp-json\/wp\/v2\/types\/page"}],"author":[{"embeddable":true,"href":"https:\/\/fonhdad.org\/fr\/wp-json\/wp\/v2\/users\/2"}],"replies":[{"embeddable":true,"href":"https:\/\/fonhdad.org\/fr\/wp-json\/wp\/v2\/comments?post=544"}],"version-history":[{"count":6,"href":"https:\/\/fonhdad.org\/fr\/wp-json\/wp\/v2\/pages\/544\/revisions"}],"predecessor-version":[{"id":815,"href":"https:\/\/fonhdad.org\/fr\/wp-json\/wp\/v2\/pages\/544\/revisions\/815"}],"wp:attachment":[{"href":"https:\/\/fonhdad.org\/fr\/wp-json\/wp\/v2\/media?parent=544"}],"curies":[{"name":"wp","href":"https:\/\/api.w.org\/{rel}","templated":true}]}}