{"id":63,"date":"2014-11-22T13:39:48","date_gmt":"2014-11-22T18:39:48","guid":{"rendered":"http:\/\/108.167.142.233\/~crdd\/?page_id=63"},"modified":"2026-04-23T20:47:58","modified_gmt":"2026-04-24T01:47:58","slug":"home","status":"publish","type":"page","link":"https:\/\/fonhdad.org\/fr\/","title":{"rendered":"Accueil"},"content":{"rendered":"<div class=\"wpb-content-wrapper\"><p>[vc_row margin_top=\u00a0\u00bb-50&Prime; type=\u00a0\u00bb1&Prime; padding_top=\u00a0\u00bb30&Prime; padding_bottom=\u00a0\u00bb30&Prime;][vc_column width=\u00a0\u00bb1\/3&Prime;][vc_column_text]<\/p>\n<h3>\u00c9V\u00c8NEMENTS<\/h3>\n<ul class=\"fa-ul\">\n<li><i class=\"fa icon-check-1\"><\/i>\u00a0Dimanche 14 novembre 2021,\u00a0 \u00e0 partir de 5h00, conf\u00e9rence sur: Aflatoxine dans les produits agricoles et transform\u00e9s : impacts \u00e9conomiques, sanitaires et les strat\u00e9gies de contr\u00f4le en Ha\u00efti.<a href=\"https:\/\/us02web.zoom.us\/j\/83520202988?pwd=clJmOWJ0RzJBUklpdFJpSC9JZzJuQT09\"> Lien Zoom<\/a><\/li>\n<\/ul>\n<p>[\/vc_column_text][\/vc_column][vc_column width=\u00a0\u00bb1\/3&Prime;][vc_column_text]LE LABORATOIRE DE BAS BOEN<\/p>\n<ul class=\"fa-ul\">\n<li><i class=\"fa icon-check-1\"><\/i> Analyse<\/li>\n<li><i class=\"fa icon-check-1\"><\/i> Recherche<\/li>\n<li><i class=\"fa icon-check-1\"><\/i> Exp\u00e9rimentation<\/li>\n<li><i class=\"fa icon-check-1\"><\/i> <a title=\"Le laboratoire du CRDD de Bas Boen\" href=\"https:\/\/fonhdad.org\/fr\/le-laboratoire\/\">et plus encore\u2026<\/a><\/li>\n<\/ul>\n<p>[\/vc_column_text][\/vc_column][vc_column width=\u00a0\u00bb1\/3&Prime;][vc_column_text]S&rsquo;IMPLIQUER<\/p>\n<p>Vous aussi, vous avez votre r\u00f4le \u00e0 jouer, devenez <a title=\"Volontariat\" href=\"https:\/\/fonhdad.org\/fr\/simpliquer\/volontariat\/\">Volontaire<\/a> ou <a title=\"Patronage\/Partenariat\" href=\"https:\/\/fonhdad.org\/fr\/simpliquer\/patronage\/\">Partenaire<\/a>.<\/p>\n<p><a title=\"Contactez-nous\" href=\"https:\/\/fonhdad.org\/fr\/contactez-nous\/\">Contactez-nous<\/a> pour en savoir plus[\/vc_column_text][\/vc_column][\/vc_row][vc_row margin_top=\u00a0\u00bb20&Prime; margin_bottom=\u00a0\u00bb20&Prime;][vc_column width=\u00a0\u00bb1\/2&Prime;][vc_column_text]<\/p>\n<h3>Le CRDD de Bas Boen<\/h3>\n<p style=\"text-align: justify;\">Le Centre Rural de D\u00e9veloppement Durable de Bas Bo\u00ebn (CRDD) est un centre de recherche, d\u00e9monstration, de formation et de vulgarisation destin\u00e9 \u00e0 moderniser l\u2019agriculture ha\u00eftienne par l\u2019introduction de techniques am\u00e9lior\u00e9es, de meilleures vari\u00e9t\u00e9s et de meilleurs \u00e9quipements.<br \/>\n<a title=\"Histoire du CRDD de Bas Bo\u00ebn\" href=\"https:\/\/fonhdad.org\/fr\/histoire-du-crdd-de-bas-boen\/\">En savoir plus&#8230;<\/a><\/p>\n<p>[\/vc_column_text][vc_empty_space height=\u00a0\u00bb10px\u00a0\u00bb][vc_column_text]<\/p>\n<h3>FONHDAD<\/h3>\n<p style=\"text-align: justify;\">La Fonhdad est une association \u00e0 but non lucratif ayant pour mission la modernisation de l\u2019agriculture ha\u00eftienne par l\u2019introduction de techniques, d\u2019intrants et d\u2019\u00e9quipements am\u00e9lior\u00e9s en vue de permettre d\u2019obtenir de meilleurs rendements et de mieux commercialiser ses produits.<br \/>\n<a title=\"Histoire FONHDAD\" href=\"https:\/\/fonhdad.org\/fr\/histoire-de-la-fonhdad\/\">En savoir plus&#8230;<\/a><\/p>\n<p>[\/vc_column_text][\/vc_column][vc_column width=\u00a0\u00bb1\/2&Prime;][vc_single_image image=\u00a0\u00bb1398&Prime; img_size=\u00a0\u00bbfull\u00a0\u00bb alignment=\u00a0\u00bbcenter\u00a0\u00bb style=\u00a0\u00bbvc_box_border\u00a0\u00bb image_hovers=\u00a0\u00bbfalse\u00a0\u00bb][\/vc_column][\/vc_row][vc_row full_width=\u00a0\u00bbtrue\u00a0\u00bb type=\u00a0\u00bb3&Prime; bg_color=\u00a0\u00bb#ffffff\u00a0\u00bb][vc_column width=\u00a0\u00bb1\/2&Prime;]<div class=\"shortcode-banner shortcode-banner-link fadeIn animate-element\" style=\"min-height: 350px;background-image: url(https:\/\/fonhdad.org\/wp-content\/uploads\/2014\/11\/farm-bg.jpg)\" onclick=\"window.location.href='https:\/\/fonhdad.org\/downloads\/';\"><div class=\"shortcode-banner-bg wf-table\" style=\"padding: 30px;min-height: 350px\"><div class=\"shortcode-banner-inside wf-table text-big\" style=\"background-color: rgb(0,0,0);background-color: rgba(0,0,0,0.3);border: solid 0px transparent;outline: solid 2px;outline-color: rgba(255,255,255,0.85);height: 350px\"><div><h3><span style=\"color: #ffffff;\">T\u00c9L\u00c9CHARGEMENTS<\/span><\/h3>\n<p><span style=\"color: #ffffff;\">Centre Rural de D\u00e9veloppement Durable (CRDD) de Bas Boen \u2013 Fact sheet<\/span><\/p>\n<p><span style=\"color: #ffffff;\">Le laboratoire du Centre Rural de D\u00e9veloppement Durable (CRDD) de Bas Boen<\/span><\/p>\n<p><span style=\"color: #ffffff;\">Stage professionnel au Centre Rural de D\u00e9veloppement Durable, Port-au-Prince, Haiti (\u00c9t\u00e9\/Printemps 2015)<\/span><\/p>\n<\/div><\/div><\/div><\/div>[\/vc_column][vc_column width=\u00a0\u00bb1\/2&Prime; css=\u00a0\u00bb.vc_custom_1443509748037{padding-top: 30px !important;padding-right: 60px !important;padding-bottom: 30px !important;padding-left: 60px !important;}\u00a0\u00bb][vc_column_text]<\/p>\n<h3>PRESSE &amp; \u00c9V\u00c8NEMENTS<\/h3>\n<p>[\/vc_column_text]<section class=\"items-grid wf-container\"><div class=\"wf-cell wf-1\"><article class=\"post-format-standard\"><div class=\"mini-post-img\"><a class=\"alignleft post-rollover no-avatar\" href=\"https:\/\/fonhdad.org\/fr\/message-de-sympathie-a-loccasion-du-deces-de-m-jean-robert-leon-estime\/\"  style=\"width:120px; height: 90px;\" aria-label=\"Image article\"><\/a><\/div><div class=\"post-content\"><a href=\"https:\/\/fonhdad.org\/fr\/message-de-sympathie-a-loccasion-du-deces-de-m-jean-robert-leon-estime\/\">Message de sympathie \u00e0 l\u2019occasion du d\u00e9c\u00e8s de M. Jean Robert Leon Estim\u00e9<\/a><br \/><time class=\"text-secondary\" datetime=\"2025-05-27T21:35:12-05:00\">mai 27, 2025<\/time><\/div><\/article><\/div><div class=\"wf-cell wf-1\"><article class=\"post-format-standard\"><div class=\"mini-post-img\"><a class=\"alignleft post-rollover layzr-bg\" href=\"https:\/\/fonhdad.org\/fr\/fonhdad-des-approches-scientifiques-pour-ameliorer-la-production-agricole\/\" aria-label=\"Image article\"><img decoding=\"async\" class=\"preload-me lazy-load aspect\" src=\"data:image\/svg+xml,%3Csvg%20xmlns%3D&#39;http%3A%2F%2Fwww.w3.org%2F2000%2Fsvg&#39;%20viewBox%3D&#39;0%200%20120%2090&#39;%2F%3E\" data-src=\"https:\/\/fonhdad.org\/wp-content\/uploads\/2015\/09\/fonhdad-le-nouvelliste-120x90.jpg\" data-srcset=\"https:\/\/fonhdad.org\/wp-content\/uploads\/2015\/09\/fonhdad-le-nouvelliste-120x90.jpg 120w, https:\/\/fonhdad.org\/wp-content\/uploads\/2015\/09\/fonhdad-le-nouvelliste-240x180.jpg 240w\" loading=\"eager\" style=\"--ratio: 120 \/ 90\" sizes=\"(max-width: 120px) 100vw, 120px\" width=\"120\" height=\"90\"  alt=\"\" \/><\/a><\/div><div class=\"post-content\"><a href=\"https:\/\/fonhdad.org\/fr\/fonhdad-des-approches-scientifiques-pour-ameliorer-la-production-agricole\/\">FONHDAD, des approches scientifiques pour am\u00e9liorer la production agricole<\/a><br \/><time class=\"text-secondary\" datetime=\"2015-09-28T23:54:19-05:00\">septembre 28, 2015<\/time><\/div><\/article><\/div><div class=\"wf-cell wf-1\"><article class=\"post-format-standard\"><div class=\"mini-post-img\"><a class=\"alignleft post-rollover layzr-bg\" href=\"https:\/\/fonhdad.org\/fr\/photos-5-juin-2015-journee-porte-ouverte-et-conferences-sur-le-changement-climatique-et-le-sol\/\" aria-label=\"Image article\"><img decoding=\"async\" class=\"preload-me lazy-load aspect\" src=\"data:image\/svg+xml,%3Csvg%20xmlns%3D&#39;http%3A%2F%2Fwww.w3.org%2F2000%2Fsvg&#39;%20viewBox%3D&#39;0%200%20120%2090&#39;%2F%3E\" data-src=\"https:\/\/fonhdad.org\/wp-content\/uploads\/2015\/07\/fonhdad-crdd-bas-boen-event-5-juin-2015-7-120x90.jpg\" data-srcset=\"https:\/\/fonhdad.org\/wp-content\/uploads\/2015\/07\/fonhdad-crdd-bas-boen-event-5-juin-2015-7-120x90.jpg 120w, https:\/\/fonhdad.org\/wp-content\/uploads\/2015\/07\/fonhdad-crdd-bas-boen-event-5-juin-2015-7-240x180.jpg 240w\" loading=\"eager\" style=\"--ratio: 120 \/ 90\" sizes=\"(max-width: 120px) 100vw, 120px\" width=\"120\" height=\"90\"  alt=\"\" \/><\/a><\/div><div class=\"post-content\"><a href=\"https:\/\/fonhdad.org\/fr\/photos-5-juin-2015-journee-porte-ouverte-et-conferences-sur-le-changement-climatique-et-le-sol\/\">[Photos] 5 juin 2015: Journ\u00e9e porte ouverte et conf\u00e9rences sur le changement climatique et le sol<\/a><br \/><time class=\"text-secondary\" datetime=\"2015-07-03T05:24:53-05:00\">juillet 3, 2015<\/time><\/div><\/article><\/div><\/section>[\/vc_column][\/vc_row][vc_row type=\u00a0\u00bb3&Prime; padding_top=\u00a0\u00bb30&Prime; padding_bottom=\u00a0\u00bb30&Prime;][vc_column][vc_column_text]<\/p>\n<h2 style=\"text-align: center;\">Suivez-nous sur\u00a0facebook, linkedin et\u00a0google+<\/h2>\n<p>[\/vc_column_text][vc_row_inner css=\u00a0\u00bb.vc_custom_1443512424257{padding-top: 30px !important;}\u00a0\u00bb][vc_column_inner width=\u00a0\u00bb1\/3&Prime;]<a href=\"https:\/\/www.facebook.com\/fonhdad.crdd.bas.boen\" target=\"_blank\" rel=\"noopener\"  class=\"ult_price_action_button\"><div class=\"ult_pricing_table_wrap ult_info_table ult_design_6  ult-cs-custom  \">\n\t\t\t\t\t<div class=\"ult_pricing_table \" style=\"color:#ffffff; \"><div id=\"Info-table-wrap-7646\" class=\"ult_pricing_heading\" style=\"background:#3d62b3;\">\n\t\t\t\t\t\t\t<h3 class=\"ult-responsive\"  data-ultimate-target='#Info-table-wrap-7646 h3'  data-responsive-json-new='{\"font-size\":\"\",\"line-height\":\"\"}'  style=\"font-weight:normal;\">FACEBOOK<\/h3><\/div><!--ult_pricing_heading--><div class=\"ult_price_body_block\" style=\"background:#3d62b3;\">\n\t\t\t\t\t\t\t<div class=\"ult_price_body\">\n\t\t\t\t\t\t\t\t<div class=\"ult_price\">\n\t\t\t\t\t\t\t\t\t<div class=\"ult-just-icon-wrapper  \"><div class=\"align-icon\" style=\"text-align:center;\">\n<div class=\"aio-icon none \"  style=\"color:#3d62b3;font-size:48px;display:inline-block;\">\n\t<i class=\"Defaults-facebook facebook-f\"><\/i>\n<\/div><\/div><\/div>\n\t\t\t\t\t\t\t\t<\/div>\n\t\t\t\t\t\t\t<\/div>\n\t\t\t\t\t\t<\/div><!--ult_price_body_block--><div id=\"info_table_features_wrap-7400\"  data-ultimate-target='#info_table_features_wrap-7400.ult_price_features'  data-responsive-json-new='{\"font-size\":\"\",\"line-height\":\"\"}'  class=\"ult-responsive ult_price_features\" style=\"font-weight:normal;\">\n\t\t\t\t\t\t\t\n\t\t\t\t\t\t<\/div><!--ult_price_features--><div class=\"ult_clr\"><\/div>\n\t\t\t<\/div><!--pricing_table-->\n\t\t<\/div><!--pricing_table_wrap--><\/a>[\/vc_column_inner][vc_column_inner width=\u00a0\u00bb1\/3&Prime;]<a href=\"https:\/\/www.facebook.com\/fonhdad.crdd.bas.boen\" target=\"_blank\" rel=\"noopener\"  class=\"ult_price_action_button\"><div class=\"ult_pricing_table_wrap ult_info_table ult_design_6  ult-cs-custom  \">\n\t\t\t\t\t<div class=\"ult_pricing_table \" style=\"color:#ffffff; \"><div id=\"Info-table-wrap-8248\" class=\"ult_pricing_heading\" style=\"background:#0078a8;\">\n\t\t\t\t\t\t\t<h3 class=\"ult-responsive\"  data-ultimate-target='#Info-table-wrap-8248 h3'  data-responsive-json-new='{\"font-size\":\"\",\"line-height\":\"\"}'  style=\"font-weight:normal;\">LINKEDIN<\/h3><\/div><!--ult_pricing_heading--><div class=\"ult_price_body_block\" style=\"background:#0078a8;\">\n\t\t\t\t\t\t\t<div class=\"ult_price_body\">\n\t\t\t\t\t\t\t\t<div class=\"ult_price\">\n\t\t\t\t\t\t\t\t\t<div class=\"ult-just-icon-wrapper  \"><div class=\"align-icon\" style=\"text-align:center;\">\n<div class=\"aio-icon none \"  style=\"color:#0078a8;font-size:48px;display:inline-block;\">\n\t<i class=\"Defaults-linkedin\"><\/i>\n<\/div><\/div><\/div>\n\t\t\t\t\t\t\t\t<\/div>\n\t\t\t\t\t\t\t<\/div>\n\t\t\t\t\t\t<\/div><!--ult_price_body_block--><div id=\"info_table_features_wrap-1207\"  data-ultimate-target='#info_table_features_wrap-1207.ult_price_features'  data-responsive-json-new='{\"font-size\":\"\",\"line-height\":\"\"}'  class=\"ult-responsive ult_price_features\" style=\"font-weight:normal;\">\n\t\t\t\t\t\t\t\n\t\t\t\t\t\t<\/div><!--ult_price_features--><div class=\"ult_clr\"><\/div>\n\t\t\t<\/div><!--pricing_table-->\n\t\t<\/div><!--pricing_table_wrap--><\/a>[\/vc_column_inner][vc_column_inner width=\u00a0\u00bb1\/3&Prime;]<a href=\"https:\/\/www.facebook.com\/fonhdad.crdd.bas.boen\" target=\"_blank\" rel=\"noopener\"  class=\"ult_price_action_button\"><div class=\"ult_pricing_table_wrap ult_info_table ult_design_6  ult-cs-custom  \">\n\t\t\t\t\t<div class=\"ult_pricing_table \" style=\"color:#ffffff; \"><div id=\"Info-table-wrap-4950\" class=\"ult_pricing_heading\" style=\"background:#d73d32;\">\n\t\t\t\t\t\t\t<h3 class=\"ult-responsive\"  data-ultimate-target='#Info-table-wrap-4950 h3'  data-responsive-json-new='{\"font-size\":\"\",\"line-height\":\"\"}'  style=\"font-weight:normal;\">GOOGLE+<\/h3><\/div><!--ult_pricing_heading--><div class=\"ult_price_body_block\" style=\"background:#d73d32;\">\n\t\t\t\t\t\t\t<div class=\"ult_price_body\">\n\t\t\t\t\t\t\t\t<div class=\"ult_price\">\n\t\t\t\t\t\t\t\t\t<div class=\"ult-just-icon-wrapper  \"><div class=\"align-icon\" style=\"text-align:center;\">\n<div class=\"aio-icon none \"  style=\"color:#d73d32;font-size:48px;display:inline-block;\">\n\t<i class=\"Defaults-google-plus\"><\/i>\n<\/div><\/div><\/div>\n\t\t\t\t\t\t\t\t<\/div>\n\t\t\t\t\t\t\t<\/div>\n\t\t\t\t\t\t<\/div><!--ult_price_body_block--><div id=\"info_table_features_wrap-5393\"  data-ultimate-target='#info_table_features_wrap-5393.ult_price_features'  data-responsive-json-new='{\"font-size\":\"\",\"line-height\":\"\"}'  class=\"ult-responsive ult_price_features\" style=\"font-weight:normal;\">\n\t\t\t\t\t\t\t\n\t\t\t\t\t\t<\/div><!--ult_price_features--><div class=\"ult_clr\"><\/div>\n\t\t\t<\/div><!--pricing_table-->\n\t\t<\/div><!--pricing_table_wrap--><\/a>[\/vc_column_inner][\/vc_row_inner][\/vc_column][\/vc_row]<\/p>\n<\/div>","protected":false},"excerpt":{"rendered":"<p>[vc_row margin_top=\u00a0\u00bb-50&Prime; type=\u00a0\u00bb1&Prime; padding_top=\u00a0\u00bb30&Prime; padding_bottom=\u00a0\u00bb30&Prime;][vc_column width=\u00a0\u00bb1\/3&Prime;][vc_column_text] \u00c9V\u00c8NEMENTS \u00a0Dimanche 14 novembre 2021,\u00a0 \u00e0 partir de 5h00, conf\u00e9rence sur: Aflatoxine dans les produits agricoles et transform\u00e9s : impacts \u00e9conomiques, sanitaires et les strat\u00e9gies de contr\u00f4le en Ha\u00efti. Lien Zoom [\/vc_column_text][\/vc_column][vc_column width=\u00a0\u00bb1\/3&Prime;][vc_column_text]LE LABORATOIRE DE BAS BOEN Analyse Recherche Exp\u00e9rimentation et plus encore\u2026 [\/vc_column_text][\/vc_column][vc_column width=\u00a0\u00bb1\/3&Prime;][vc_column_text]S&rsquo;IMPLIQUER Vous aussi, vous avez&hellip;<\/p>\n","protected":false},"author":2,"featured_media":0,"parent":0,"menu_order":0,"comment_status":"closed","ping_status":"closed","template":"","meta":{"footnotes":""},"class_list":["post-63","page","type-page","status-publish","hentry","description-off"],"_links":{"self":[{"href":"https:\/\/fonhdad.org\/fr\/wp-json\/wp\/v2\/pages\/63","targetHints":{"allow":["GET"]}}],"collection":[{"href":"https:\/\/fonhdad.org\/fr\/wp-json\/wp\/v2\/pages"}],"about":[{"href":"https:\/\/fonhdad.org\/fr\/wp-json\/wp\/v2\/types\/page"}],"author":[{"embeddable":true,"href":"https:\/\/fonhdad.org\/fr\/wp-json\/wp\/v2\/users\/2"}],"replies":[{"embeddable":true,"href":"https:\/\/fonhdad.org\/fr\/wp-json\/wp\/v2\/comments?post=63"}],"version-history":[{"count":39,"href":"https:\/\/fonhdad.org\/fr\/wp-json\/wp\/v2\/pages\/63\/revisions"}],"predecessor-version":[{"id":2038,"href":"https:\/\/fonhdad.org\/fr\/wp-json\/wp\/v2\/pages\/63\/revisions\/2038"}],"wp:attachment":[{"href":"https:\/\/fonhdad.org\/fr\/wp-json\/wp\/v2\/media?parent=63"}],"curies":[{"name":"wp","href":"https:\/\/api.w.org\/{rel}","templated":true}]}}